{"id":13,"date":"2017-02-26T03:17:35","date_gmt":"2017-02-26T01:17:35","guid":{"rendered":"http:\/\/www.bilkaprefabrik.com\/en\/?page_id=13"},"modified":"2025-11-24T22:00:10","modified_gmt":"2025-11-24T19:00:10","slug":"contact","status":"publish","type":"page","link":"https:\/\/www.bilkaprefabrik.com\/en\/contact","title":{"rendered":"Contact"},"content":{"rendered":"\n<p><strong>Phone:<\/strong> <a href=\"tel:+905344187253\">+90 534 418 72 53<\/a><\/p>\n\n\n\n<p><strong>Factory:<\/strong> \u0130MES-10 Cad \u0130mes OSB Sitesi A Blok No:1, 41455 Dilovas\u0131\/Kocaeli\/ TURKEY<\/p>\n\n\n\n<p><strong>Email:<\/strong> <a href=\"mailto:info@bilkaprefabrik.com\">info@bilkaprefabrik.com<\/a><\/p>\n\n\n\n<h4 class=\"wp-block-heading\">&nbsp;<\/h4>\n\n\n\n<p><\/p>\n","protected":false},"excerpt":{"rendered":"<p>Phone: +90 534 418 72 53 Factory: \u0130MES-10 Cad \u0130mes OSB Sitesi A Blok No:1, 41455 Dilovas\u0131\/Kocaeli\/ TURKEY Email: info@bilkaprefabrik.com &nbsp;<\/p>\n","protected":false},"author":1,"featured_media":0,"parent":0,"menu_order":0,"comment_status":"closed","ping_status":"closed","template":"","meta":{"footnotes":""},"aioseo_notices":[],"_links":{"self":[{"href":"https:\/\/www.bilkaprefabrik.com\/en\/wp-json\/wp\/v2\/pages\/13"}],"collection":[{"href":"https:\/\/www.bilkaprefabrik.com\/en\/wp-json\/wp\/v2\/pages"}],"about":[{"href":"https:\/\/www.bilkaprefabrik.com\/en\/wp-json\/wp\/v2\/types\/page"}],"author":[{"embeddable":true,"href":"https:\/\/www.bilkaprefabrik.com\/en\/wp-json\/wp\/v2\/users\/1"}],"replies":[{"embeddable":true,"href":"https:\/\/www.bilkaprefabrik.com\/en\/wp-json\/wp\/v2\/comments?post=13"}],"version-history":[{"count":46,"href":"https:\/\/www.bilkaprefabrik.com\/en\/wp-json\/wp\/v2\/pages\/13\/revisions"}],"predecessor-version":[{"id":1038,"href":"https:\/\/www.bilkaprefabrik.com\/en\/wp-json\/wp\/v2\/pages\/13\/revisions\/1038"}],"wp:attachment":[{"href":"https:\/\/www.bilkaprefabrik.com\/en\/wp-json\/wp\/v2\/media?parent=13"}],"curies":[{"name":"wp","href":"https:\/\/api.w.org\/{rel}","templated":true}]}}